{"id":2198,"date":"2015-01-27T11:54:42","date_gmt":"2015-01-27T11:54:42","guid":{"rendered":"http:\/\/www.visita-valencia.com\/contacto-reservas-guia-valencia"},"modified":"2018-07-07T09:37:47","modified_gmt":"2018-07-07T09:37:47","slug":"contatti-guida-valencia","status":"publish","type":"page","link":"https:\/\/www.visita-valencia.com\/it\/contatti-guida-valencia","title":{"rendered":"CONTATTI GUIDA VALENCIA"},"content":{"rendered":"<div class=\"fusion-fullwidth fullwidth-box fusion-builder-row-1 nonhundred-percent-fullwidth non-hundred-percent-height-scrolling\" style=\"background-color: #242424;background-position: left top;background-repeat: no-repeat;padding-top:70px;padding-right:0px;padding-bottom:75px;padding-left:0px;margin-bottom: 0px;margin-top: 0px;border-width: 0px 0px 0px 0px;border-color:#3e3e3e;border-style:solid;\" ><div class=\"fusion-builder-row fusion-row\"><div class=\"fusion-layout-column fusion_builder_column fusion-builder-column-0 fusion_builder_column_1_2 1_2 fusion-one-half fusion-column-first\" style=\"width:48%; margin-right: 4%;margin-top:0px;margin-bottom:20px;\"><div class=\"fusion-column-wrapper fusion-flex-column-wrapper-legacy\" style=\"background-position:left top;background-repeat:no-repeat;-webkit-background-size:cover;-moz-background-size:cover;-o-background-size:cover;background-size:cover;padding: 0px 0px 0px 0px;\"><div class=\"fusion-text fusion-text-1\"><h2><span class=\"Ninguno\"><span lang=\"DE\">Contatti<\/span><\/span><\/h2>\n<p class=\"CuerpoA\"><span class=\"Ninguno\"><span lang=\"DE\">Se desideri fare una visita guidata a Valencia, se hai qualche domanda o dubbio sui miei servizi o vuoi chiedere un preventivo senza impegno, compila il seguente formulario e mi metter\u00f2 in contatto con te il pi\u00f9 presto possibile.<\/span><\/span><\/p>\n<\/div><div class=\"fusion-text fusion-text-2\">\n<div class=\"wpcf7 no-js\" id=\"wpcf7-f2203-o1\" lang=\"es-ES\" dir=\"ltr\" data-wpcf7-id=\"2203\">\n<div class=\"screen-reader-response\"><p role=\"status\" aria-live=\"polite\" aria-atomic=\"true\"><\/p> <ul><\/ul><\/div>\n<form action=\"\/it\/wp-json\/wp\/v2\/pages\/2198#wpcf7-f2203-o1\" method=\"post\" class=\"wpcf7-form init\" aria-label=\"Formulario de contacto\" novalidate=\"novalidate\" data-status=\"init\">\n<fieldset class=\"hidden-fields-container\"><input type=\"hidden\" name=\"_wpcf7\" value=\"2203\" \/><input type=\"hidden\" name=\"_wpcf7_version\" value=\"6.1.5\" \/><input type=\"hidden\" name=\"_wpcf7_locale\" value=\"es_ES\" \/><input type=\"hidden\" name=\"_wpcf7_unit_tag\" value=\"wpcf7-f2203-o1\" \/><input type=\"hidden\" name=\"_wpcf7_container_post\" value=\"0\" \/><input type=\"hidden\" name=\"_wpcf7_posted_data_hash\" value=\"\" \/><input type=\"hidden\" name=\"_wpcf7_recaptcha_response\" value=\"\" \/>\n<\/fieldset>\n<p><label> Nome (requerido)<br \/>\n<span class=\"wpcf7-form-control-wrap\" data-name=\"your-name\"><input size=\"40\" maxlength=\"400\" class=\"wpcf7-form-control wpcf7-text wpcf7-validates-as-required\" aria-required=\"true\" aria-invalid=\"false\" value=\"\" type=\"text\" name=\"your-name\" \/><\/span> <\/label>\n<\/p>\n<p><label> La tua email (requerido)<br \/>\n<span class=\"wpcf7-form-control-wrap\" data-name=\"your-email\"><input size=\"40\" maxlength=\"400\" class=\"wpcf7-form-control wpcf7-email wpcf7-validates-as-required wpcf7-text wpcf7-validates-as-email\" aria-required=\"true\" aria-invalid=\"false\" value=\"\" type=\"email\" name=\"your-email\" \/><\/span> <\/label>\n<\/p>\n<p><label> Il tuo telefono<br \/>\n<span class=\"wpcf7-form-control-wrap\" data-name=\"your-phone\"><input size=\"40\" maxlength=\"400\" class=\"wpcf7-form-control wpcf7-text wpcf7-validates-as-required\" aria-required=\"true\" aria-invalid=\"false\" value=\"\" type=\"text\" name=\"your-phone\" \/><\/span> <\/label>\n<\/p>\n<p><label> Affari<br \/>\n<span class=\"wpcf7-form-control-wrap\" data-name=\"subjet\"><input size=\"40\" maxlength=\"400\" class=\"wpcf7-form-control wpcf7-text wpcf7-validates-as-required\" aria-required=\"true\" aria-invalid=\"false\" value=\"\" type=\"text\" name=\"subjet\" \/><\/span> <\/label>\n<\/p>\n<p><label> Messaggio<br \/>\n<span class=\"wpcf7-form-control-wrap\" data-name=\"your-message\"><textarea cols=\"40\" rows=\"10\" maxlength=\"2000\" class=\"wpcf7-form-control wpcf7-textarea wpcf7-validates-as-required\" aria-required=\"true\" aria-invalid=\"false\" name=\"your-message\"><\/textarea><\/span> <\/label>\n<\/p>\n<p><input class=\"wpcf7-form-control wpcf7-submit has-spinner\" type=\"submit\" value=\"Inviare\" \/>\n<\/p><p style=\"display: none !important;\" class=\"akismet-fields-container\" data-prefix=\"_wpcf7_ak_\"><label>&#916;<textarea name=\"_wpcf7_ak_hp_textarea\" cols=\"45\" rows=\"8\" maxlength=\"100\"><\/textarea><\/label><input type=\"hidden\" id=\"ak_js_1\" name=\"_wpcf7_ak_js\" value=\"117\"\/><script type=\"text\/javascript\">\n\/* <![CDATA[ *\/\ndocument.getElementById( \"ak_js_1\" ).setAttribute( \"value\", ( new Date() ).getTime() );\n\/* ]]> *\/\n<\/script>\n<\/p><div class=\"fusion-alert alert custom alert-custom fusion-alert-center wpcf7-response-output alert-dismissable\" style=\"border-width:1px;\"><button type=\"button\" class=\"close toggle-alert\" data-dismiss=\"alert\" aria-label=\"Close\">&times;<\/button><div class=\"fusion-alert-content-wrapper\"><span class=\"fusion-alert-content\"><\/span><\/div><\/div>\n<\/form>\n<\/div>\n\n<\/div><div class=\"fusion-clearfix\"><\/div><\/div><\/div><div class=\"fusion-layout-column fusion_builder_column fusion-builder-column-1 fusion_builder_column_1_2 1_2 fusion-one-half fusion-column-last\" style=\"width:48%;margin-top:0px;margin-bottom:20px;\"><div class=\"fusion-column-wrapper fusion-flex-column-wrapper-legacy\" style=\"background-position:left top;background-repeat:no-repeat;-webkit-background-size:cover;-moz-background-size:cover;-o-background-size:cover;background-size:cover;padding: 0px 0px 0px 0px;\"><div class=\"fusion-text fusion-text-3\"><h2>DATI DI CONTATTO<\/h2>\n<blockquote class=\"\">\n<div class=\"\">\n<div class=\"\"><b class=\"\">Telf: <\/b>(0034) 657.15.95.78<\/div>\n<div class=\"\"><b class=\"\">Email:<\/b>\u00a0\u00a0<a class=\"\" href=\"mailto:elena@visita-valencia.com\">elena@visita-valencia.com<\/a><\/div>\n<div class=\"\">\n<p class=\"Cuerpo\"><span class=\"Ninguno\"><b><i>Or<\/i><\/b><\/span><span class=\"Ninguno\"><b><i><span lang=\"IT\">ario d<\/span><\/i><\/b><\/span><span class=\"Ninguno\"><b><i>i attenzione telefonica<\/i><\/b><\/span><span class=\"Ninguno\"><b><i><span lang=\"DE\">:<\/span><\/i><\/b><\/span><i><\/i><\/p>\n<p class=\"Cuerpo\"><span class=\"Ninguno\"><i><span lang=\"EN-US\">_ <\/span><\/i><\/span><span class=\"Ninguno\"><i>Luned\u00ec a venerd\u00ec dalle\u00a0<\/i><\/span><span class=\"Ninguno\"><i><span lang=\"DE\">9:00 a<\/span><\/i><\/span><span class=\"Ninguno\"><i>lle\u00a0<\/i><\/span><span class=\"Ninguno\"><i><span lang=\"DE\">19:00<\/span><\/i><\/span><i><\/i><\/p>\n<p class=\"Cuerpo\"><span class=\"Ninguno\"><i><span lang=\"EN-US\">_ S<\/span><\/i><\/span><span class=\"Ninguno\"><i>abato <\/i><\/span><span class=\"Ninguno\"><i><span lang=\"DE\">d<\/span><\/i><\/span><span class=\"Ninguno\"><i>alle\u00a0<\/i><\/span><span class=\"Ninguno\"><i><span lang=\"DE\">9:00 a<\/span><\/i><\/span><span class=\"Ninguno\"><i>lle <\/i><\/span><span class=\"Ninguno\"><i><span lang=\"DE\">14:00<\/span><\/i><\/span><b><\/b><\/p>\n<\/div>\n<div class=\"\"><\/div>\n<\/div>\n<\/blockquote>\n<\/div><div class=\"fusion-sep-clear\"><\/div><div class=\"fusion-separator fusion-full-width-sep\" style=\"margin-left: auto;margin-right: auto;margin-bottom:20px;width:100%;\"><\/div><div class=\"fusion-sep-clear\"><\/div><style type=\"text\/css\">#accordion-2198-1 .fusion-panel:hover, #accordion-2198-1 .fusion-panel.hover{ background-color: #000000 } #accordion-2198-1 .fusion-panel { border-color:#cccccc; border-width:1px; background-color:#242424; }.fusion-accordian  #accordion-2198-1 .panel-title a .fa-fusion-box{ color: #00b5e1;}.fusion-accordian  #accordion-2198-1 .panel-title a .fa-fusion-box:before{ font-size: 13px; width: 13px;}.fusion-accordian  #accordion-2198-1 .panel-title a{font-size:18px;}.fusion-accordian  #accordion-2198-1 .fa-fusion-box { background-color: #3e3e3e;border-color: #3e3e3e;}.fusion-accordian  #accordion-2198-1 .panel-title a:hover, #accordion-2198-1 .fusion-toggle-boxed-mode:hover .panel-title a { color: #6666a4;}.fusion-accordian  #accordion-2198-1 .panel-title .active .fa-fusion-box,.fusion-accordian  #accordion-2198-1 .panel-title a:hover .fa-fusion-box { background-color: #6666a4!important;border-color: #6666a4!important;}<\/style><div class=\"accordian fusion-accordian\"><div class=\"panel-group\" id=\"accordion-2198-1\"><div class=\"fusion-panel panel-default fusion-toggle-no-divider fusion-toggle-boxed-mode\"><div class=\"panel-heading\"><h4 class=\"panel-title toggle\"><a aria-expanded=\"false\" aria-controls=\"78779a24814a7e0fd\" role=\"button\" data-toggle=\"collapse\" data-target=\"#78779a24814a7e0fd\" href=\"#78779a24814a7e0fd\"><span class=\"fusion-toggle-icon-wrapper\" aria-hidden=\"true\"><i class=\"fa-fusion-box\" aria-hidden=\"true\"><\/i><\/span><span class=\"fusion-toggle-heading\">SE VUOI PRENOTARE UNA VISITA GUIDATA A VALENCIA<\/span><\/a><\/h4><\/div><div id=\"78779a24814a7e0fd\" class=\"panel-collapse collapse \"><div class=\"panel-body toggle-content fusion-clearfix\">\n<p class=\"CuerpoA\"><span class=\"Ninguno\"><span lang=\"DE\">Se vuoi prenotare una visita guidata a Valencia devi solo cliccare sulla sezione di visite guidate a Valencia e selezionare una o pi\u00f9 fra le opzioni che ti offriamo. Tutte queste visite guidate a Valencia saranno sempre realizzate da una guida turistica di Valencia. Puoi scegliere tra fare una passeggiata nel centro storico di Valencia, visitare la Citt\u00e0 delle Arti e delle Scienze, rilassarti nel Parco Naturale dell&#8217;Albufera o scoprire la Via della Seta.<\/span><\/span><\/p>\n<\/div><\/div><\/div><div class=\"fusion-panel panel-default fusion-toggle-no-divider fusion-toggle-boxed-mode\"><div class=\"panel-heading\"><h4 class=\"panel-title toggle\"><a aria-expanded=\"false\" aria-controls=\"bb44e59c5bdb9ca78\" role=\"button\" data-toggle=\"collapse\" data-target=\"#bb44e59c5bdb9ca78\" href=\"#bb44e59c5bdb9ca78\"><span class=\"fusion-toggle-icon-wrapper\" aria-hidden=\"true\"><i class=\"fa-fusion-box\" aria-hidden=\"true\"><\/i><\/span><span class=\"fusion-toggle-heading\">SE VUOI PRENOTARE UN'ATTIVIT\u00c0 A VALENCIA<\/span><\/a><\/h4><\/div><div id=\"bb44e59c5bdb9ca78\" class=\"panel-collapse collapse \"><div class=\"panel-body toggle-content fusion-clearfix\">\n<p class=\"CuerpoA\"><span class=\"Ninguno\"><span lang=\"DE\">Se vuoi prenotare un&#8217;attivit\u00e0 a Valencia devi solo cliccare sulla sezione delle attivit\u00e0 e selezionare quella che ti piace di pi\u00f9. Tutte queste attivit\u00e0 saranno sempre realizzate da una guida turistica di Valencia. Puoi scegliere tra imparare a cucinare una vera <i>paella<\/i>valenciana, assaggiare i prodotti della nostra terra nel Mercato Centrale di Valencia, provare le tapas del nostro tapas tour, divertirti con la nostra notte di flamenco o godere del mare e della brezza del Mediterraneo su un catamarano.<\/span><\/span><\/p>\n<\/div><\/div><\/div><div class=\"fusion-panel panel-default fusion-toggle-no-divider fusion-toggle-boxed-mode\"><div class=\"panel-heading\"><h4 class=\"panel-title toggle\"><a aria-expanded=\"false\" aria-controls=\"d552c0532db41867b\" role=\"button\" data-toggle=\"collapse\" data-target=\"#d552c0532db41867b\" href=\"#d552c0532db41867b\"><span class=\"fusion-toggle-icon-wrapper\" aria-hidden=\"true\"><i class=\"fa-fusion-box\" aria-hidden=\"true\"><\/i><\/span><span class=\"fusion-toggle-heading\">SE VUOI PRENOTARE ALCUNI DEI NOSTRI SERVIZI<\/span><\/a><\/h4><\/div><div id=\"d552c0532db41867b\" class=\"panel-collapse collapse \"><div class=\"panel-body toggle-content fusion-clearfix\">\n<p class=\"CuerpoA\"><span class=\"Ninguno\"><span lang=\"DE\">Se oltre a prenotare una visita guidata o un&#8217;attivit\u00e0, possiamo anche aiutarti in qualcos&#8217;altro, entra nella scheda servizi e guarda tutto ci\u00f2 che offriamo: trasferimenti in pullman, assistenza al porto, aeroporto e stazioni, assistenza a pranzi e cene in ristoranti. Prepariamo su richiesta diversi tipi di regali, offriamo il servizio di noleggio di radioguide e gestiamo i biglietti per musei e monumenti.<\/span><\/span><\/p>\n<\/div><\/div><\/div><\/div><\/div><div class=\"fusion-clearfix\"><\/div><\/div><\/div><\/div><\/div>\n","protected":false},"excerpt":{"rendered":"","protected":false},"author":1,"featured_media":0,"parent":0,"menu_order":0,"comment_status":"closed","ping_status":"open","template":"100-width.php","meta":{"footnotes":""},"class_list":["post-2198","page","type-page","status-publish","hentry"],"yoast_head":"<!-- This site is optimized with the Yoast SEO plugin v27.5 - https:\/\/yoast.com\/product\/yoast-seo-wordpress\/ -->\n<title>Contatti Guida Valencia Turistica. Visite Guidate in Italiano | Visita-Valencia<\/title>\n<meta name=\"description\" content=\"Stai cercando la migliore guida turistica per visitare Valencia? Contatti per scoprire le migliole guida valencia. Stai cercando la migliore guida turistica per visitare Valencia? Se ti rechi a Valencia come turista, il modo migliore per esplorare la citt\u00e0 sar\u00e0 farlo con la nostra guida Valencia.\" \/>\n<meta name=\"robots\" content=\"index, follow, max-snippet:-1, max-image-preview:large, max-video-preview:-1\" \/>\n<link rel=\"canonical\" href=\"https:\/\/www.visita-valencia.com\/it\/contatti-guida-valencia\" \/>\n<meta property=\"og:locale\" content=\"it_IT\" \/>\n<meta property=\"og:type\" content=\"article\" \/>\n<meta property=\"og:title\" content=\"Contatti Guida Valencia Turistica. Visite Guidate in Italiano | Visita-Valencia\" \/>\n<meta property=\"og:description\" content=\"Stai cercando la migliore guida turistica per visitare Valencia? Contatti per scoprire le migliole guida valencia. Stai cercando la migliore guida turistica per visitare Valencia? Se ti rechi a Valencia come turista, il modo migliore per esplorare la citt\u00e0 sar\u00e0 farlo con la nostra guida Valencia.\" \/>\n<meta property=\"og:url\" content=\"https:\/\/www.visita-valencia.com\/it\/contatti-guida-valencia\" \/>\n<meta property=\"og:site_name\" content=\"Gu\u00eda tur\u00edstica de Valencia\" \/>\n<meta property=\"article:modified_time\" content=\"2018-07-07T09:37:47+00:00\" \/>\n<meta name=\"twitter:card\" content=\"summary_large_image\" \/>\n<meta name=\"twitter:label1\" content=\"Tempo di lettura stimato\" \/>\n\t<meta name=\"twitter:data1\" content=\"3 minuti\" \/>\n<script type=\"application\/ld+json\" class=\"yoast-schema-graph\">{\"@context\":\"https:\\\/\\\/schema.org\",\"@graph\":[{\"@type\":\"WebPage\",\"@id\":\"https:\\\/\\\/www.visita-valencia.com\\\/it\\\/contatti-guida-valencia\",\"url\":\"https:\\\/\\\/www.visita-valencia.com\\\/it\\\/contatti-guida-valencia\",\"name\":\"Contatti Guida Valencia Turistica. Visite Guidate in Italiano | Visita-Valencia\",\"isPartOf\":{\"@id\":\"https:\\\/\\\/www.visita-valencia.com\\\/#website\"},\"datePublished\":\"2015-01-27T11:54:42+00:00\",\"dateModified\":\"2018-07-07T09:37:47+00:00\",\"description\":\"Stai cercando la migliore guida turistica per visitare Valencia? Contatti per scoprire le migliole guida valencia. Stai cercando la migliore guida turistica per visitare Valencia? Se ti rechi a Valencia come turista, il modo migliore per esplorare la citt\u00e0 sar\u00e0 farlo con la nostra guida Valencia.\",\"breadcrumb\":{\"@id\":\"https:\\\/\\\/www.visita-valencia.com\\\/it\\\/contatti-guida-valencia#breadcrumb\"},\"inLanguage\":\"it-IT\",\"potentialAction\":[{\"@type\":\"ReadAction\",\"target\":[\"https:\\\/\\\/www.visita-valencia.com\\\/it\\\/contatti-guida-valencia\"]}]},{\"@type\":\"BreadcrumbList\",\"@id\":\"https:\\\/\\\/www.visita-valencia.com\\\/it\\\/contatti-guida-valencia#breadcrumb\",\"itemListElement\":[{\"@type\":\"ListItem\",\"position\":1,\"name\":\"Portada\",\"item\":\"https:\\\/\\\/www.visita-valencia.com\\\/it\"},{\"@type\":\"ListItem\",\"position\":2,\"name\":\"CONTATTI GUIDA VALENCIA\"}]},{\"@type\":\"WebSite\",\"@id\":\"https:\\\/\\\/www.visita-valencia.com\\\/#website\",\"url\":\"https:\\\/\\\/www.visita-valencia.com\\\/\",\"name\":\"Gu\u00eda tur\u00edstica de Valencia\",\"description\":\"Visitas guiadas en Valencia\",\"publisher\":{\"@id\":\"https:\\\/\\\/www.visita-valencia.com\\\/#organization\"},\"potentialAction\":[{\"@type\":\"SearchAction\",\"target\":{\"@type\":\"EntryPoint\",\"urlTemplate\":\"https:\\\/\\\/www.visita-valencia.com\\\/?s={search_term_string}\"},\"query-input\":{\"@type\":\"PropertyValueSpecification\",\"valueRequired\":true,\"valueName\":\"search_term_string\"}}],\"inLanguage\":\"it-IT\"},{\"@type\":\"Organization\",\"@id\":\"https:\\\/\\\/www.visita-valencia.com\\\/#organization\",\"name\":\"Visita-Valencia\",\"url\":\"https:\\\/\\\/www.visita-valencia.com\\\/\",\"logo\":{\"@type\":\"ImageObject\",\"inLanguage\":\"it-IT\",\"@id\":\"https:\\\/\\\/www.visita-valencia.com\\\/#\\\/schema\\\/logo\\\/image\\\/\",\"url\":\"http:\\\/\\\/www.visita-valencia.com\\\/wp-content\\\/uploads\\\/2018\\\/01\\\/logo-VV-blanco-web.png\",\"contentUrl\":\"http:\\\/\\\/www.visita-valencia.com\\\/wp-content\\\/uploads\\\/2018\\\/01\\\/logo-VV-blanco-web.png\",\"width\":241,\"height\":84,\"caption\":\"Visita-Valencia\"},\"image\":{\"@id\":\"https:\\\/\\\/www.visita-valencia.com\\\/#\\\/schema\\\/logo\\\/image\\\/\"}}]}<\/script>\n<!-- \/ Yoast SEO plugin. -->","yoast_head_json":{"title":"Contatti Guida Valencia Turistica. Visite Guidate in Italiano | Visita-Valencia","description":"Stai cercando la migliore guida turistica per visitare Valencia? Contatti per scoprire le migliole guida valencia. Stai cercando la migliore guida turistica per visitare Valencia? Se ti rechi a Valencia come turista, il modo migliore per esplorare la citt\u00e0 sar\u00e0 farlo con la nostra guida Valencia.","robots":{"index":"index","follow":"follow","max-snippet":"max-snippet:-1","max-image-preview":"max-image-preview:large","max-video-preview":"max-video-preview:-1"},"canonical":"https:\/\/www.visita-valencia.com\/it\/contatti-guida-valencia","og_locale":"it_IT","og_type":"article","og_title":"Contatti Guida Valencia Turistica. Visite Guidate in Italiano | Visita-Valencia","og_description":"Stai cercando la migliore guida turistica per visitare Valencia? Contatti per scoprire le migliole guida valencia. Stai cercando la migliore guida turistica per visitare Valencia? Se ti rechi a Valencia come turista, il modo migliore per esplorare la citt\u00e0 sar\u00e0 farlo con la nostra guida Valencia.","og_url":"https:\/\/www.visita-valencia.com\/it\/contatti-guida-valencia","og_site_name":"Gu\u00eda tur\u00edstica de Valencia","article_modified_time":"2018-07-07T09:37:47+00:00","twitter_card":"summary_large_image","twitter_misc":{"Tempo di lettura stimato":"3 minuti"},"schema":{"@context":"https:\/\/schema.org","@graph":[{"@type":"WebPage","@id":"https:\/\/www.visita-valencia.com\/it\/contatti-guida-valencia","url":"https:\/\/www.visita-valencia.com\/it\/contatti-guida-valencia","name":"Contatti Guida Valencia Turistica. Visite Guidate in Italiano | Visita-Valencia","isPartOf":{"@id":"https:\/\/www.visita-valencia.com\/#website"},"datePublished":"2015-01-27T11:54:42+00:00","dateModified":"2018-07-07T09:37:47+00:00","description":"Stai cercando la migliore guida turistica per visitare Valencia? Contatti per scoprire le migliole guida valencia. Stai cercando la migliore guida turistica per visitare Valencia? Se ti rechi a Valencia come turista, il modo migliore per esplorare la citt\u00e0 sar\u00e0 farlo con la nostra guida Valencia.","breadcrumb":{"@id":"https:\/\/www.visita-valencia.com\/it\/contatti-guida-valencia#breadcrumb"},"inLanguage":"it-IT","potentialAction":[{"@type":"ReadAction","target":["https:\/\/www.visita-valencia.com\/it\/contatti-guida-valencia"]}]},{"@type":"BreadcrumbList","@id":"https:\/\/www.visita-valencia.com\/it\/contatti-guida-valencia#breadcrumb","itemListElement":[{"@type":"ListItem","position":1,"name":"Portada","item":"https:\/\/www.visita-valencia.com\/it"},{"@type":"ListItem","position":2,"name":"CONTATTI GUIDA VALENCIA"}]},{"@type":"WebSite","@id":"https:\/\/www.visita-valencia.com\/#website","url":"https:\/\/www.visita-valencia.com\/","name":"Gu\u00eda tur\u00edstica de Valencia","description":"Visitas guiadas en Valencia","publisher":{"@id":"https:\/\/www.visita-valencia.com\/#organization"},"potentialAction":[{"@type":"SearchAction","target":{"@type":"EntryPoint","urlTemplate":"https:\/\/www.visita-valencia.com\/?s={search_term_string}"},"query-input":{"@type":"PropertyValueSpecification","valueRequired":true,"valueName":"search_term_string"}}],"inLanguage":"it-IT"},{"@type":"Organization","@id":"https:\/\/www.visita-valencia.com\/#organization","name":"Visita-Valencia","url":"https:\/\/www.visita-valencia.com\/","logo":{"@type":"ImageObject","inLanguage":"it-IT","@id":"https:\/\/www.visita-valencia.com\/#\/schema\/logo\/image\/","url":"http:\/\/www.visita-valencia.com\/wp-content\/uploads\/2018\/01\/logo-VV-blanco-web.png","contentUrl":"http:\/\/www.visita-valencia.com\/wp-content\/uploads\/2018\/01\/logo-VV-blanco-web.png","width":241,"height":84,"caption":"Visita-Valencia"},"image":{"@id":"https:\/\/www.visita-valencia.com\/#\/schema\/logo\/image\/"}}]}},"_links":{"self":[{"href":"https:\/\/www.visita-valencia.com\/it\/wp-json\/wp\/v2\/pages\/2198","targetHints":{"allow":["GET"]}}],"collection":[{"href":"https:\/\/www.visita-valencia.com\/it\/wp-json\/wp\/v2\/pages"}],"about":[{"href":"https:\/\/www.visita-valencia.com\/it\/wp-json\/wp\/v2\/types\/page"}],"author":[{"embeddable":true,"href":"https:\/\/www.visita-valencia.com\/it\/wp-json\/wp\/v2\/users\/1"}],"replies":[{"embeddable":true,"href":"https:\/\/www.visita-valencia.com\/it\/wp-json\/wp\/v2\/comments?post=2198"}],"version-history":[{"count":8,"href":"https:\/\/www.visita-valencia.com\/it\/wp-json\/wp\/v2\/pages\/2198\/revisions"}],"predecessor-version":[{"id":2296,"href":"https:\/\/www.visita-valencia.com\/it\/wp-json\/wp\/v2\/pages\/2198\/revisions\/2296"}],"wp:attachment":[{"href":"https:\/\/www.visita-valencia.com\/it\/wp-json\/wp\/v2\/media?parent=2198"}],"curies":[{"name":"wp","href":"https:\/\/api.w.org\/{rel}","templated":true}]}}